{"id":98,"date":"2019-01-06T12:48:40","date_gmt":"2019-01-06T12:48:40","guid":{"rendered":"https:\/\/stutzer-gmbh.de\/?page_id=98"},"modified":"2023-08-28T18:18:44","modified_gmt":"2023-08-28T18:18:44","slug":"impressum","status":"publish","type":"page","link":"https:\/\/stutzer-gmbh.de\/?page_id=98","title":{"rendered":"Impressum"},"content":{"rendered":"\t\t<div data-elementor-type=\"wp-post\" data-elementor-id=\"98\" class=\"elementor elementor-98\">\n\t\t\t\t\t\t<section class=\"elementor-section elementor-top-section elementor-element elementor-element-c88a3fc elementor-section-boxed elementor-section-height-default elementor-section-height-default\" data-id=\"c88a3fc\" data-element_type=\"section\" data-e-type=\"section\">\n\t\t\t\t\t\t<div class=\"elementor-container elementor-column-gap-default\">\n\t\t\t\t\t<div class=\"elementor-column elementor-col-100 elementor-top-column elementor-element elementor-element-c5244d2\" data-id=\"c5244d2\" data-element_type=\"column\" data-e-type=\"column\">\n\t\t\t<div class=\"elementor-widget-wrap elementor-element-populated\">\n\t\t\t\t\t\t<div class=\"elementor-element elementor-element-ce6f418 elementor-widget__width-initial elementor-widget elementor-widget-text-editor\" data-id=\"ce6f418\" data-element_type=\"widget\" data-e-type=\"widget\" data-widget_type=\"text-editor.default\">\n\t\t\t\t<div class=\"elementor-widget-container\">\n\t\t\t\t\t\t\t\t\t<h2><span style=\"color: #009ee3;\">Impressum<\/span><\/h2><h4>Angaben gem\u00e4\u00df \u00a7 5 TMG<\/h4><p><span style=\"font-weight: 600;\">Stutzer GmbH<br \/>Oberstrasse 52<br \/>53925 Kall<\/span><\/p><h4>Vertreten durch<\/h4><p>Gesch\u00e4ftsf\u00fchrer Lutz Kl\u00f6cker<\/p><h4>Kontakt<\/h4><p><strong>Telefon:<\/strong> 02205 91 96 727<br \/><strong>E-Mail:<\/strong> <a href=\"mailto:info@stutzer-gmbh.de\">info@stutzer-gmbh.de<\/a><\/p><p><strong>Lieferadresse und Produktionsst\u00e4tte:<\/strong><br \/>Stutzer GmbH<br \/>Otto-Brenner-Str. 3a<br \/>51503 R\u00f6srath<\/p><p><b>Rechnungsadresse:<\/b><br \/>Stutzer GmbH<br style=\"font-weight: 600;\" \/>Oberstrasse 52<br style=\"font-weight: 600;\" \/>53925 Kall<\/p><h4>Registereintrag<\/h4><p>Eintragung im Handelsregister. <br \/>Registergericht: Amtsgericht D\u00fcren<br \/>Registernummer: HRB 7908<\/p><h4>Umsatzsteuer<\/h4><p>Umsatzsteuer-Identifikationsnummer gem\u00e4\u00df \u00a727 a Umsatzsteuergesetz:<br \/>DE 320 573 752<\/p><h4>Verantwortlich f\u00fcr den Inhalt nach \u00a7 55 Abs. 2 RStV<\/h4><p>Lutz Kl\u00f6cker<br \/>Stutzer GmbH<br \/>Otto-Brenner-Str. 3a<br \/>51503 R\u00f6srath<\/p>\t\t\t\t\t\t\t\t<\/div>\n\t\t\t\t<\/div>\n\t\t\t\t\t<\/div>\n\t\t<\/div>\n\t\t\t\t\t<\/div>\n\t\t<\/section>\n\t\t\t\t<\/div>\n\t\t","protected":false},"excerpt":{"rendered":"<p>Impressum Angaben gem\u00e4\u00df \u00a7 5 TMG Stutzer GmbHOberstrasse 5253925 Kall Vertreten durch Gesch\u00e4ftsf\u00fchrer Lutz Kl\u00f6cker Kontakt Telefon: 02205 91 96 727E-Mail: info@stutzer-gmbh.de Lieferadresse und Produktionsst\u00e4tte:Stutzer GmbHOtto-Brenner-Str. 3a51503 R\u00f6srath Rechnungsadresse:Stutzer GmbHOberstrasse 5253925 Kall Registereintrag Eintragung im Handelsregister. Registergericht: Amtsgericht D\u00fcrenRegisternummer: HRB 7908 Umsatzsteuer Umsatzsteuer-Identifikationsnummer gem\u00e4\u00df \u00a727 a Umsatzsteuergesetz:DE 320 573 752 Verantwortlich f\u00fcr den Inhalt nach [&hellip;]<\/p>\n","protected":false},"author":1,"featured_media":0,"parent":0,"menu_order":0,"comment_status":"closed","ping_status":"closed","template":"page-templates\/page_fullwidth.php","meta":{"footnotes":""},"class_list":["post-98","page","type-page","status-publish","hentry"],"_links":{"self":[{"href":"https:\/\/stutzer-gmbh.de\/index.php?rest_route=\/wp\/v2\/pages\/98","targetHints":{"allow":["GET"]}}],"collection":[{"href":"https:\/\/stutzer-gmbh.de\/index.php?rest_route=\/wp\/v2\/pages"}],"about":[{"href":"https:\/\/stutzer-gmbh.de\/index.php?rest_route=\/wp\/v2\/types\/page"}],"author":[{"embeddable":true,"href":"https:\/\/stutzer-gmbh.de\/index.php?rest_route=\/wp\/v2\/users\/1"}],"replies":[{"embeddable":true,"href":"https:\/\/stutzer-gmbh.de\/index.php?rest_route=%2Fwp%2Fv2%2Fcomments&post=98"}],"version-history":[{"count":18,"href":"https:\/\/stutzer-gmbh.de\/index.php?rest_route=\/wp\/v2\/pages\/98\/revisions"}],"predecessor-version":[{"id":153,"href":"https:\/\/stutzer-gmbh.de\/index.php?rest_route=\/wp\/v2\/pages\/98\/revisions\/153"}],"wp:attachment":[{"href":"https:\/\/stutzer-gmbh.de\/index.php?rest_route=%2Fwp%2Fv2%2Fmedia&parent=98"}],"curies":[{"name":"wp","href":"https:\/\/api.w.org\/{rel}","templated":true}]}}